{"id":112,"date":"2023-05-17T06:43:07","date_gmt":"2023-05-17T04:43:07","guid":{"rendered":"https:\/\/joima.net\/contact-us\/"},"modified":"2023-10-09T09:01:56","modified_gmt":"2023-10-09T07:01:56","slug":"contact-us","status":"publish","type":"page","link":"https:\/\/joima.net\/en\/contact-us\/","title":{"rendered":"Contact Us"},"content":{"rendered":"<section class=\"block-contenido-seo\">\n\n            <div class=\"contenido-titulo neutral-text align-center \">\n            \u00bfQuieres adquirir alguno de nuestros productos?\n        <\/div>\n        \n            <div class=\"contenido-subtitulo primary-dark align-center text-italic\">\n            Encuentra tu distribuidor m\u00e1s cercano\n        <\/div>\n    \n            <div class=\"contenido-seo neutral-text\">\n            <p style=\"text-align: center;\">Para contactar con nuestro equipo, puedes hacerlo de la forma que te resulte m\u00e1s c\u00f3moda y r\u00e1pida. Puedes llamarnos por tel\u00e9fono o visitarnos en nuestras instalaciones. Estaremos encantados de atenderte y asesorarte hasta que quedes totalmente satisfecho.<\/p>\n\n            \n        <\/div>\n    \n<\/section>","protected":false},"excerpt":{"rendered":"","protected":false},"author":3,"featured_media":0,"parent":0,"menu_order":0,"comment_status":"closed","ping_status":"closed","template":"page-contacto.blade.php","meta":{"footnotes":""},"class_list":["post-112","page","type-page","status-publish","hentry"],"_links":{"self":[{"href":"https:\/\/joima.net\/en\/wp-json\/wp\/v2\/pages\/112","targetHints":{"allow":["GET"]}}],"collection":[{"href":"https:\/\/joima.net\/en\/wp-json\/wp\/v2\/pages"}],"about":[{"href":"https:\/\/joima.net\/en\/wp-json\/wp\/v2\/types\/page"}],"author":[{"embeddable":true,"href":"https:\/\/joima.net\/en\/wp-json\/wp\/v2\/users\/3"}],"replies":[{"embeddable":true,"href":"https:\/\/joima.net\/en\/wp-json\/wp\/v2\/comments?post=112"}],"version-history":[{"count":10,"href":"https:\/\/joima.net\/en\/wp-json\/wp\/v2\/pages\/112\/revisions"}],"predecessor-version":[{"id":1445,"href":"https:\/\/joima.net\/en\/wp-json\/wp\/v2\/pages\/112\/revisions\/1445"}],"wp:attachment":[{"href":"https:\/\/joima.net\/en\/wp-json\/wp\/v2\/media?parent=112"}],"curies":[{"name":"wp","href":"https:\/\/api.w.org\/{rel}","templated":true}]}}